{"id":62,"date":"2026-04-06T09:50:58","date_gmt":"2026-04-06T14:50:58","guid":{"rendered":"https:\/\/bioplaver.org\/?page_id=62"},"modified":"2026-04-06T11:39:40","modified_gmt":"2026-04-06T16:39:40","slug":"pmirs-unidades-residenciales","status":"publish","type":"page","link":"https:\/\/bioplaver.org\/?page_id=62","title":{"rendered":"Compare nuestros planes"},"content":{"rendered":"\n<div class=\"wp-block-group alignfull is-layout-flow wp-block-group-is-layout-flow\">\n<div class=\"wp-block-cover\" style=\"min-height:210px;aspect-ratio:unset;\"><img loading=\"lazy\" decoding=\"async\" width=\"960\" height=\"364\" class=\"wp-block-cover__image-background wp-image-67 size-full\" alt=\"\" src=\"https:\/\/bioplaver.org\/wp-content\/uploads\/2026\/04\/Cabecera_PMIRS_Residencial-1.png\" style=\"object-position:46% 65%\" data-object-fit=\"cover\" data-object-position=\"46% 65%\" srcset=\"https:\/\/bioplaver.org\/wp-content\/uploads\/2026\/04\/Cabecera_PMIRS_Residencial-1.png 960w, https:\/\/bioplaver.org\/wp-content\/uploads\/2026\/04\/Cabecera_PMIRS_Residencial-1-300x114.png 300w, https:\/\/bioplaver.org\/wp-content\/uploads\/2026\/04\/Cabecera_PMIRS_Residencial-1-768x291.png 768w\" sizes=\"auto, (max-width: 960px) 100vw, 960px\" \/><span aria-hidden=\"true\" class=\"wp-block-cover__background has-background-dim\" style=\"background-color:#73765a\"><\/span><div class=\"wp-block-cover__inner-container has-global-padding is-layout-constrained wp-container-core-cover-is-layout-4f9f0532 wp-block-cover-is-layout-constrained\">\n<p class=\"has-text-align-center has-xx-large-font-size\" style=\"padding-top:0;padding-right:0;padding-bottom:0;padding-left:0\"><strong>Plan de Manejo Integral de Residuos S\u00f3lidos (PMIRS) para unidades residenciales<\/strong><\/p>\n<\/div><\/div>\n<\/div>\n\n\n\n<div class=\"wp-block-group alignwide is-layout-flow wp-block-group-is-layout-flow\">\n<p>El Plan de Manejo Integral de Residuos S\u00f3lidos (PMIRS) es un instrumento clave para que las unidades residenciales fortalezcan sus procesos ambientales, mejoren la separaci\u00f3n en la fuente y consoliden estrategias de aprovechamiento, formaci\u00f3n y seguimiento.<\/p>\n\n\n\n<p>Adem\u00e1s de aportar al orden y a la cultura ambiental dentro de la copropiedad, su formulaci\u00f3n e implementaci\u00f3n contribuyen al cumplimiento de la normativa vigente en materia de gesti\u00f3n integral de residuos. <\/p>\n\n\n\n<p>Desde Bioplaver desarrollamos acompa\u00f1amiento t\u00e9cnico y pedag\u00f3gico orientado a que estos procesos se traduzcan en acciones concretas, sostenibles y aplicables en la vida cotidiana de la comunidad residencial.<\/p>\n\n\n\n<p>Con base en las capacidades, condiciones y necesidades de cada complejo residencial, hemos dise\u00f1ado planes de acompa\u00f1amiento que permiten ajustar el PMIRS a la realidad de cada copropiedad y avanzar de manera gradual hacia una gesti\u00f3n m\u00e1s organizada, participativa y sostenible.<\/p>\n\n\n\n<h2 class=\"wp-block-heading\">Nuestros planes<\/h2>\n<\/div>\n\n\n\n<div class=\"wp-block-group alignwide has-global-padding is-layout-constrained wp-block-group-is-layout-constrained\">\n<div class=\"wp-block-columns alignwide are-vertically-aligned-top is-layout-flex wp-container-core-columns-is-layout-28f84493 wp-block-columns-is-layout-flex\">\n<div class=\"wp-block-column is-vertically-aligned-top is-layout-flow wp-block-column-is-layout-flow\">\n<figure class=\"wp-block-image size-full\"><img loading=\"lazy\" decoding=\"async\" width=\"474\" height=\"237\" src=\"https:\/\/bioplaver.org\/wp-content\/uploads\/2026\/04\/Cabecera_Semilla.png\" alt=\"\" class=\"wp-image-81\" srcset=\"https:\/\/bioplaver.org\/wp-content\/uploads\/2026\/04\/Cabecera_Semilla.png 474w, https:\/\/bioplaver.org\/wp-content\/uploads\/2026\/04\/Cabecera_Semilla-300x150.png 300w\" sizes=\"auto, (max-width: 474px) 100vw, 474px\" \/><\/figure>\n\n\n\n<p class=\"has-medium-font-size\">Brinda a la copropiedad una base inicial para organizar su gesti\u00f3n de residuos y contar con una ruta clara.<\/p>\n\n\n\n<p><strong>Incluye:<\/strong><\/p>\n\n\n\n<ul class=\"wp-block-list has-medium-font-size\">\n<li>Diagn\u00f3stico Inicial Ambiental<\/li>\n\n\n\n<li>Aforos de residuos (3)<\/li>\n\n\n\n<li>Caracterizaci\u00f3n de los residuos s\u00f3lidos<\/li>\n\n\n\n<li>Documento PMIRS (digital)<\/li>\n\n\n\n<li>Formatos para la implementaci\u00f3n del PMIRS<\/li>\n<\/ul>\n\n\n\n<p class=\"has-small-font-size\">*El tiempo de ejecuci\u00f3n es de 4 meses a partir de la firma del contrato.<\/p>\n<\/div>\n\n\n\n<div class=\"wp-block-column is-vertically-aligned-top is-layout-flow wp-block-column-is-layout-flow\">\n<figure class=\"wp-block-image size-full\"><img loading=\"lazy\" decoding=\"async\" width=\"473\" height=\"237\" src=\"http:\/\/bioplaver.org\/wp-content\/uploads\/2026\/04\/Cabecera_Raiz.png\" alt=\"\" class=\"wp-image-82\" srcset=\"https:\/\/bioplaver.org\/wp-content\/uploads\/2026\/04\/Cabecera_Raiz.png 473w, https:\/\/bioplaver.org\/wp-content\/uploads\/2026\/04\/Cabecera_Raiz-300x150.png 300w\" sizes=\"auto, (max-width: 473px) 100vw, 473px\" \/><\/figure>\n\n\n\n<p class=\"has-medium-font-size\">Se da inicio a la implementaci\u00f3n con la conformaci\u00f3n del grupo ambiental y procesos iniciales de capacitaci\u00f3n.<\/p>\n\n\n\n<p><strong>Incluye:<\/strong><\/p>\n\n\n\n<ul class=\"wp-block-list has-medium-font-size\">\n<li class=\"has-medium-font-size\">Diagn\u00f3stico Inicial Ambiental<\/li>\n\n\n\n<li>Aforos de residuos (3)<\/li>\n\n\n\n<li>Caracterizaci\u00f3n de los residuos s\u00f3lidos<\/li>\n\n\n\n<li>Documento PMIRS (digital)<\/li>\n\n\n\n<li>Formatos para la implementaci\u00f3n del PMIRS<\/li>\n\n\n\n<li>Conformaci\u00f3n del grupo ambiental<\/li>\n\n\n\n<li>Capacitaci\u00f3n al personal de la Unidad (1 sesi\u00f3n)<\/li>\n\n\n\n<li class=\"has-medium-font-size\">Jornada de capacitaci\u00f3n para residentes<\/li>\n<\/ul>\n\n\n\n<p class=\"has-small-font-size\">*El tiempo de ejecuci\u00f3n es de 6 meses a partir de la firma del contrato.<\/p>\n<\/div>\n\n\n\n<div class=\"wp-block-column is-vertically-aligned-top is-layout-flow wp-block-column-is-layout-flow\">\n<figure class=\"wp-block-image size-full\"><img loading=\"lazy\" decoding=\"async\" width=\"473\" height=\"237\" src=\"https:\/\/bioplaver.org\/wp-content\/uploads\/2026\/04\/Cabecera_Conciencia.png\" alt=\"\" class=\"wp-image-83\" srcset=\"https:\/\/bioplaver.org\/wp-content\/uploads\/2026\/04\/Cabecera_Conciencia.png 473w, https:\/\/bioplaver.org\/wp-content\/uploads\/2026\/04\/Cabecera_Conciencia-300x150.png 300w\" sizes=\"auto, (max-width: 473px) 100vw, 473px\" \/><\/figure>\n\n\n\n<p class=\"has-medium-font-size\">Ofrece un nivel mayor de desarrollo formativo, facilitando la implementaci\u00f3n.<\/p>\n\n\n\n<p><strong>Incluye:<\/strong><\/p>\n\n\n\n<ul class=\"wp-block-list\">\n<li class=\"has-medium-font-size\">Diagn\u00f3stico Inicial Ambiental<\/li>\n\n\n\n<li class=\"has-medium-font-size\">Aforos de residuos (3)<\/li>\n\n\n\n<li class=\"has-medium-font-size\">Caracterizaci\u00f3n de los residuos s\u00f3lidos<\/li>\n\n\n\n<li class=\"has-medium-font-size\">Documento PMIRS (digital)<\/li>\n\n\n\n<li class=\"has-medium-font-size\">Formatos para la implementaci\u00f3n del PMIRS<\/li>\n\n\n\n<li class=\"has-medium-font-size\">Conformaci\u00f3n del grupo ambiental<\/li>\n\n\n\n<li class=\"has-medium-font-size\">Capacitaci\u00f3n al personal de la Unidad (2 sesiones)<\/li>\n\n\n\n<li class=\"has-medium-font-size\">Jornada de capacitaci\u00f3n para residentes<\/li>\n\n\n\n<li class=\"has-medium-font-size\">Capacitaci\u00f3n puerta a puerta<\/li>\n<\/ul>\n\n\n\n<p class=\"has-small-font-size\">*El tiempo de ejecuci\u00f3n es de 4 meses a partir de la firma del contrato.<\/p>\n<\/div>\n\n\n\n<div class=\"wp-block-column is-vertically-aligned-top is-layout-flow wp-block-column-is-layout-flow\">\n<figure class=\"wp-block-image size-full\"><img loading=\"lazy\" decoding=\"async\" width=\"474\" height=\"237\" src=\"https:\/\/bioplaver.org\/wp-content\/uploads\/2026\/04\/Cabecera_Sostenibilidad.png\" alt=\"\" class=\"wp-image-84\" srcset=\"https:\/\/bioplaver.org\/wp-content\/uploads\/2026\/04\/Cabecera_Sostenibilidad.png 474w, https:\/\/bioplaver.org\/wp-content\/uploads\/2026\/04\/Cabecera_Sostenibilidad-300x150.png 300w\" sizes=\"auto, (max-width: 474px) 100vw, 474px\" \/><\/figure>\n\n\n\n<p class=\"has-medium-font-size\">Permite un nivel mayor de desarrollo t\u00e9cnico y formativo, facilitando su comprensi\u00f3n e implementaci\u00f3n.<\/p>\n\n\n\n<p><strong>Incluye:<\/strong><\/p>\n\n\n\n<ul class=\"wp-block-list has-medium-font-size\">\n<li>Diagn\u00f3stico Inicial Ambiental<\/li>\n\n\n\n<li>Aforos de residuos (3)<\/li>\n\n\n\n<li>Caracterizaci\u00f3n de los residuos s\u00f3lidos<\/li>\n\n\n\n<li>Documento PMIRS (digital)<\/li>\n\n\n\n<li>Formatos para la implementaci\u00f3n del PMIRS<\/li>\n\n\n\n<li>Conformaci\u00f3n del grupo ambiental<\/li>\n\n\n\n<li>Capacitaci\u00f3n al personal de la Unidad (2 sesiones)<\/li>\n\n\n\n<li>Jornada de capacitaci\u00f3n para residentes<\/li>\n\n\n\n<li>Capacitaci\u00f3n puerta a puerta<\/li>\n\n\n\n<li>Seguimiento mensual<\/li>\n\n\n\n<li>Asesor\u00eda ambiental personalizada<\/li>\n<\/ul>\n\n\n\n<p class=\"has-small-font-size\">*Suscripci\u00f3n anual por 12 meses.<\/p>\n<\/div>\n<\/div>\n\n\n\n<div class=\"wp-block-buttons is-content-justification-center is-layout-flex wp-container-core-buttons-is-layout-a89b3969 wp-block-buttons-is-layout-flex\">\n<div class=\"wp-block-button\"><a class=\"wp-block-button__link wp-element-button\" href=\"https:\/\/forms.gle\/9cQXZMJF78hBocLR6\" target=\"_blank\" rel=\"noreferrer noopener\">Quiero una cotizaci\u00f3n<\/a><\/div>\n<\/div>\n<\/div>\n\n\n\n<p><\/p>\n","protected":false},"excerpt":{"rendered":"<p>El Plan de Manejo Integral de Residuos S\u00f3lidos (PMIRS) es un instrumento clave para que las unidades residenciales fortalezcan sus procesos ambientales, mejoren la separaci\u00f3n en la fuente y consoliden estrategias de aprovechamiento, formaci\u00f3n y seguimiento. Adem\u00e1s de aportar al orden y a la cultura ambiental dentro de la copropiedad, su formulaci\u00f3n e implementaci\u00f3n contribuyen [&hellip;]<\/p>\n","protected":false},"author":2,"featured_media":0,"parent":0,"menu_order":0,"comment_status":"closed","ping_status":"closed","template":"","meta":{"footnotes":""},"class_list":["post-62","page","type-page","status-publish","hentry"],"aioseo_notices":[],"_links":{"self":[{"href":"https:\/\/bioplaver.org\/index.php?rest_route=\/wp\/v2\/pages\/62","targetHints":{"allow":["GET"]}}],"collection":[{"href":"https:\/\/bioplaver.org\/index.php?rest_route=\/wp\/v2\/pages"}],"about":[{"href":"https:\/\/bioplaver.org\/index.php?rest_route=\/wp\/v2\/types\/page"}],"author":[{"embeddable":true,"href":"https:\/\/bioplaver.org\/index.php?rest_route=\/wp\/v2\/users\/2"}],"replies":[{"embeddable":true,"href":"https:\/\/bioplaver.org\/index.php?rest_route=%2Fwp%2Fv2%2Fcomments&post=62"}],"version-history":[{"count":10,"href":"https:\/\/bioplaver.org\/index.php?rest_route=\/wp\/v2\/pages\/62\/revisions"}],"predecessor-version":[{"id":90,"href":"https:\/\/bioplaver.org\/index.php?rest_route=\/wp\/v2\/pages\/62\/revisions\/90"}],"wp:attachment":[{"href":"https:\/\/bioplaver.org\/index.php?rest_route=%2Fwp%2Fv2%2Fmedia&parent=62"}],"curies":[{"name":"wp","href":"https:\/\/api.w.org\/{rel}","templated":true}]}}